{"id":126,"date":"2017-02-11T20:10:57","date_gmt":"2017-02-11T23:10:57","guid":{"rendered":"http:\/\/nos.com.br\/site\/?page_id=126"},"modified":"2017-02-11T20:12:52","modified_gmt":"2017-02-11T23:12:52","slug":"duvidas-frequentes-f-a-q","status":"publish","type":"page","link":"https:\/\/nos.com.br\/site\/duvidas-frequentes-f-a-q\/","title":{"rendered":"D\u00favidas frequentes (F.A.Q.)"},"content":{"rendered":"<p><strong>O que \u00e9 o AldeiaNet?<\/strong><\/p>\n<p>AldeiaNet \u00e9 um Software de transmiss\u00e3o de dados que reduz significativamente o custo de comunica\u00e7\u00e3o, utilizando a Internet ou Intranet com absoluta seguran\u00e7a.<\/p>\n<p><strong>O que \u00e9 preciso para usar o AldeiaNet?<\/strong><\/p>\n<p>\u00c9 preciso que o usu\u00e1rio tenha um microcomputador com acesso \u00e0 Internet para usar o sistema, pois a solu\u00e7\u00e3o AldeiaNet utiliza a Internet como rede para comunica\u00e7\u00e3o de dados. Atrav\u00e9s dela \u00e9 poss\u00edvel a troca de informa\u00e7\u00f5es entre os computadores dos usu\u00e1rios com o servidor de rede local ou provedor Internet.<\/p>\n<p><strong>Quais os arquivos que o AldeiaNet transmite\/recebe?<\/strong><\/p>\n<p>O sistema AldeiaNet pode transmitir\/receber qualquer arquivo em qualquer formato. N\u00e3o h\u00e1 limite para o tamanho e nem para a quantidade de arquivos a serem transmitidos.<\/p>\n<p><strong>Como o AldeiaNet faz compacta\u00e7\u00e3o de arquivos?<\/strong><\/p>\n<p>A compacta\u00e7\u00e3o \u00e9 sempre feita automaticamente no momento da transmiss\u00e3o. Da mesma forma, a descompacta\u00e7\u00e3o \u00e9 processada quando os arquivos chegam ao destino final.<\/p>\n<p><strong>O AldeiaNet faz criptografia de arquivos?<\/strong><\/p>\n<p>Sim, a criptografia de arquivos \u00e9 feita automaticamente no momento da transmiss\u00e3o, de acordo com regras pr\u00f3prias do sistema. Da mesma forma, a descriptografia \u00e9 realizada no receptor dos arquivos.<\/p>\n<p><strong>Como transmito um arquivo pelo AldeiaNet?<\/strong><\/p>\n<p>O AldeiaNet possui interface totalmente em portugu\u00eas, com telas, mensagens e bot\u00f5es semelhantes aos programas de computador mais comuns. Em no m\u00e1ximo 4 passos o usu\u00e1rio conseguir\u00e1 transmitir um arquivo, ap\u00f3s estar conectado \u00e0 Internet.<\/p>\n<p>1. Executar o programa &#8220;cliente&#8221; AldeiaNet.<br \/>\n2. Informar identifica\u00e7\u00e3o do usu\u00e1rio e senha.<br \/>\n3. Selecionar o arquivo a ser transmitido e destinat\u00e1rio.<br \/>\n4. Transmitir o arquivo.<\/p>\n<p><strong>O AldeiaNet possui comprovantes de Transmiss\u00e3o e Recep\u00e7\u00e3o de arquivos?<\/strong><\/p>\n<p>Sim. Ap\u00f3s cada transmiss\u00e3o, o AldeiaNet cria automaticamente um ou mais Recibos comprovando a entrega dos arquivos.<\/p>\n<p><strong>O que \u00e9 o Comprovante Eletr\u00f4nico de Envio de arquivos ?<\/strong><\/p>\n<p>\u00c9 o arquivo que comprova que os arquivos transmitidos pelo usu\u00e1rio foram entregues corretamente no servidor do sistema, para posterior recebimento pelo destinat\u00e1rio.<\/p>\n<p><strong>O que \u00e9 o Comprovante Eletr\u00f4nico de Confirma\u00e7\u00e3o de Recebimento de arquivos ?<\/strong><\/p>\n<p>\u00c9 o arquivo que confirma ao Remetente que o destinat\u00e1rio recebeu o(s) arquivo(s).<\/p>\n<p><strong>Para utilizar o Aldeianet \u00e9 preciso adquirir todo o software ou somente uma parte dele ?<\/strong><\/p>\n<p>Para utilizar o Aldeianet s\u00e3o necess\u00e1rios dois m\u00f3dulos, o de Administra\u00e7\u00e3o e o Cliente. As licen\u00e7as s\u00e3o por ponto instalado. Normalmente \u00e9 necess\u00e1rio apenas uma c\u00f3pia para Administra\u00e7\u00e3o e (*) N c\u00f3pias para Cliente.<\/p>\n<p>Isso determina o custo do licenciamento que \u00e9 pago apenas uma vez.<\/p>\n<p>(*) N\u00famero de pontos para o qual voc\u00ea quer enviar ou de onde voc\u00ea quer receber dados.<\/p>\n","protected":false},"excerpt":{"rendered":"<p>O que \u00e9 o AldeiaNet? AldeiaNet \u00e9 um Software de transmiss\u00e3o de dados que reduz significativamente o custo de comunica\u00e7\u00e3o, utilizando a Internet ou Intranet com absoluta seguran\u00e7a. O que \u00e9 preciso para usar o AldeiaNet? \u00c9 preciso que o usu\u00e1rio tenha um microcomputador com acesso \u00e0 Internet para usar o sistema, pois a solu\u00e7\u00e3o [&hellip;]<\/p>\n","protected":false},"author":1,"featured_media":0,"parent":0,"menu_order":0,"comment_status":"closed","ping_status":"closed","template":"","meta":{"footnotes":""},"class_list":["post-126","page","type-page","status-publish","hentry"],"jetpack_sharing_enabled":true,"_links":{"self":[{"href":"https:\/\/nos.com.br\/site\/wp-json\/wp\/v2\/pages\/126","targetHints":{"allow":["GET"]}}],"collection":[{"href":"https:\/\/nos.com.br\/site\/wp-json\/wp\/v2\/pages"}],"about":[{"href":"https:\/\/nos.com.br\/site\/wp-json\/wp\/v2\/types\/page"}],"author":[{"embeddable":true,"href":"https:\/\/nos.com.br\/site\/wp-json\/wp\/v2\/users\/1"}],"replies":[{"embeddable":true,"href":"https:\/\/nos.com.br\/site\/wp-json\/wp\/v2\/comments?post=126"}],"version-history":[{"count":3,"href":"https:\/\/nos.com.br\/site\/wp-json\/wp\/v2\/pages\/126\/revisions"}],"predecessor-version":[{"id":129,"href":"https:\/\/nos.com.br\/site\/wp-json\/wp\/v2\/pages\/126\/revisions\/129"}],"wp:attachment":[{"href":"https:\/\/nos.com.br\/site\/wp-json\/wp\/v2\/media?parent=126"}],"curies":[{"name":"wp","href":"https:\/\/api.w.org\/{rel}","templated":true}]}}