{"id":13,"date":"2017-02-11T15:51:28","date_gmt":"2017-02-11T15:51:28","guid":{"rendered":"http:\/\/nos.com.br\/site\/?page_id=13"},"modified":"2025-09-09T21:50:03","modified_gmt":"2025-09-10T00:50:03","slug":"quem-somos","status":"publish","type":"page","link":"https:\/\/nos.com.br\/site\/quem-somos\/","title":{"rendered":"Quem somos"},"content":{"rendered":"<p>Em fun\u00e7\u00e3o de uma vis\u00e3o integrada para o atendimento das necessidades de nossos clientes, procuramos oferecer produtos e servi\u00e7os compat\u00edveis com as exig\u00eancias de cada ambiente de neg\u00f3cios.<\/p>\n<p>Tais exig\u00eancias nos levaram \u00e0 estruturar a NOS Inform\u00e1tica para atuar no fornecimento de produtos e servi\u00e7os visando a implementa\u00e7\u00e3o de solu\u00e7\u00f5es integradas em Tecnologia da Informa\u00e7\u00e3o, nas \u00e1reas a seguir representadas: consultorias e treinamento em tecnologia da informa\u00e7\u00e3o, desenvolvimento de solu\u00e7\u00f5es para internet, comunica\u00e7\u00e3o de dados, e-commerce e sistemas de neg\u00f3cio.<\/p>\n<h5>Nossa miss\u00e3o<\/h5>\n<p>Contribuir para a cont\u00ednua evolu\u00e7\u00e3o e melhoria da satisfa\u00e7\u00e3o de nossos clientes, por interm\u00e9dio da implementa\u00e7\u00e3o de modernas solu\u00e7\u00f5es em Tecnologia da Informa\u00e7\u00e3o. Nosso principal objetivo, desde a funda\u00e7\u00e3o de nossa empresa \u00e9 ajudar nossos clientes a entender, antecipar e solucionar suas necessidades atuais e potenciais, fornecendo-lhes solu\u00e7\u00f5es tecnol\u00f3gicas inovadoras.<\/p>\n","protected":false},"excerpt":{"rendered":"<p>Em fun\u00e7\u00e3o de uma vis\u00e3o integrada para o atendimento das necessidades de nossos clientes, procuramos oferecer produtos e servi\u00e7os compat\u00edveis com as exig\u00eancias de cada ambiente de neg\u00f3cios. Tais exig\u00eancias nos levaram \u00e0 estruturar a NOS Inform\u00e1tica para atuar no fornecimento de produtos e servi\u00e7os visando a implementa\u00e7\u00e3o de solu\u00e7\u00f5es integradas em Tecnologia da Informa\u00e7\u00e3o, [&hellip;]<\/p>\n","protected":false},"author":1,"featured_media":0,"parent":0,"menu_order":0,"comment_status":"closed","ping_status":"closed","template":"","meta":{"footnotes":""},"class_list":["post-13","page","type-page","status-publish","hentry"],"jetpack_sharing_enabled":true,"_links":{"self":[{"href":"https:\/\/nos.com.br\/site\/wp-json\/wp\/v2\/pages\/13","targetHints":{"allow":["GET"]}}],"collection":[{"href":"https:\/\/nos.com.br\/site\/wp-json\/wp\/v2\/pages"}],"about":[{"href":"https:\/\/nos.com.br\/site\/wp-json\/wp\/v2\/types\/page"}],"author":[{"embeddable":true,"href":"https:\/\/nos.com.br\/site\/wp-json\/wp\/v2\/users\/1"}],"replies":[{"embeddable":true,"href":"https:\/\/nos.com.br\/site\/wp-json\/wp\/v2\/comments?post=13"}],"version-history":[{"count":6,"href":"https:\/\/nos.com.br\/site\/wp-json\/wp\/v2\/pages\/13\/revisions"}],"predecessor-version":[{"id":1039,"href":"https:\/\/nos.com.br\/site\/wp-json\/wp\/v2\/pages\/13\/revisions\/1039"}],"wp:attachment":[{"href":"https:\/\/nos.com.br\/site\/wp-json\/wp\/v2\/media?parent=13"}],"curies":[{"name":"wp","href":"https:\/\/api.w.org\/{rel}","templated":true}]}}