{"id":14,"date":"2017-02-11T15:51:28","date_gmt":"2017-02-11T15:51:28","guid":{"rendered":"http:\/\/nos.com.br\/site\/?page_id=14"},"modified":"2025-09-09T22:00:45","modified_gmt":"2025-09-10T01:00:45","slug":"produtos","status":"publish","type":"page","link":"https:\/\/nos.com.br\/site\/produtos\/","title":{"rendered":"AldeiaNet"},"content":{"rendered":"<p><img decoding=\"async\" class=\"size-full wp-image-499 aligncenter\" src=\"\/site\/wp-content\/uploads\/2017\/02\/vers\u00e3o4.png\" alt=\"\" width=\"200\" srcset=\"https:\/\/nos.com.br\/site\/wp-content\/uploads\/2017\/02\/vers\u00e3o4.png 276w, https:\/\/nos.com.br\/site\/wp-content\/uploads\/2017\/02\/vers\u00e3o4-230x300.png 230w\" sizes=\"(max-width: 276px) 100vw, 276px\" \/><\/p>\n<p><strong>AldeiaNet<\/strong> \u00e9 um software de transfer\u00eancia de arquivos eletr\u00f4nicos via Internet ou Intranet, com seguran\u00e7a, de forma automatizada e gerenciada.<\/p>\n<div id=\"attachment_587\" style=\"width: 358px\" class=\"wp-caption aligncenter\"><img loading=\"lazy\" decoding=\"async\" aria-describedby=\"caption-attachment-587\" class=\"wp-image-587 size-full\" src=\"\/site\/wp-content\/uploads\/2017\/02\/AldeiaNetLogin.png\" width=\"348\" height=\"319\" srcset=\"https:\/\/nos.com.br\/site\/wp-content\/uploads\/2017\/02\/AldeiaNetLogin.png 348w, https:\/\/nos.com.br\/site\/wp-content\/uploads\/2017\/02\/AldeiaNetLogin-300x275.png 300w\" sizes=\"auto, (max-width: 348px) 100vw, 348px\" \/><p id=\"caption-attachment-587\" class=\"wp-caption-text\">AldeiaNet &#8211; Login de usu\u00e1rio<\/p><\/div>\n<p><strong>Exemplos de utiliza\u00e7\u00f5es:<\/strong><\/p>\n<p>Envio de dados de faturamento,\u00a0base de dados de cobran\u00e7as recorrentes, movimenta\u00e7\u00e3o financeira de caixas, posi\u00e7\u00f5es de estoque, gr\u00e1ficos, pacotes de atualiza\u00e7\u00e3o de vers\u00e3o de sistemas, arquivos gerais, e tudo mais que queira transmitir ou receber, independente de tamanho, formato, dist\u00e2ncia ou hor\u00e1rio.<\/p>\n<div id=\"attachment_607\" style=\"width: 790px\" class=\"wp-caption aligncenter\"><img loading=\"lazy\" decoding=\"async\" aria-describedby=\"caption-attachment-607\" class=\"wp-image-607 size-full\" src=\"\/site\/wp-content\/uploads\/2017\/02\/AldeiaNetCaixaSaida-1.png\" width=\"780\" height=\"593\" srcset=\"https:\/\/nos.com.br\/site\/wp-content\/uploads\/2017\/02\/AldeiaNetCaixaSaida-1.png 780w, https:\/\/nos.com.br\/site\/wp-content\/uploads\/2017\/02\/AldeiaNetCaixaSaida-1-300x228.png 300w, https:\/\/nos.com.br\/site\/wp-content\/uploads\/2017\/02\/AldeiaNetCaixaSaida-1-768x584.png 768w\" sizes=\"auto, (max-width: 780px) 100vw, 780px\" \/><p id=\"caption-attachment-607\" class=\"wp-caption-text\">AldeiaNet &#8211; Sele\u00e7\u00e3o de arquivos para envio &#8211; modo manual ou autom\u00e1tico<\/p><\/div>\n<h5><strong>Algumas caracter\u00edsticas:<\/strong><\/h5>\n<div id=\"attachment_597\" style=\"width: 628px\" class=\"wp-caption aligncenter\"><img loading=\"lazy\" decoding=\"async\" aria-describedby=\"caption-attachment-597\" class=\"wp-image-597 size-full\" src=\"\/site\/wp-content\/uploads\/2017\/02\/AldeiaNetTrat2.png\" width=\"618\" height=\"537\" srcset=\"https:\/\/nos.com.br\/site\/wp-content\/uploads\/2017\/02\/AldeiaNetTrat2.png 618w, https:\/\/nos.com.br\/site\/wp-content\/uploads\/2017\/02\/AldeiaNetTrat2-300x261.png 300w\" sizes=\"auto, (max-width: 618px) 100vw, 618px\" \/><p id=\"caption-attachment-597\" class=\"wp-caption-text\">AldeiaNet &#8211; Configura\u00e7\u00f5es Agente Tratador autom\u00e1tico<\/p><\/div>\n<p><strong>Recupera\u00e7\u00e3o de transmiss\u00e3o e recep\u00e7\u00e3o<\/strong>: envios interrompidos s\u00e3o recuperados, e reiniciados a partir da interrup\u00e7\u00e3o dos dados. Possibilita m\u00faltiplas alternativas de conex\u00f5es em caso de problema em um Provedor de Servi\u00e7os Internet: Reinicio de transmiss\u00e3o e recep\u00e7\u00e3o de arquivos, a partir do ponto de interrup\u00e7\u00e3o, ou seja, sem necessidade de retransmiss\u00e3o de todo o conte\u00fado; Conex\u00f5es alternativas em caso de problema em algum Provedor de Servi\u00e7os Internet.<\/p>\n<div id=\"attachment_599\" style=\"width: 539px\" class=\"wp-caption aligncenter\"><img loading=\"lazy\" decoding=\"async\" aria-describedby=\"caption-attachment-599\" class=\"wp-image-599 size-full\" src=\"\/site\/wp-content\/uploads\/2017\/02\/AldeiaClienteConfig2.png\" width=\"529\" height=\"540\" srcset=\"https:\/\/nos.com.br\/site\/wp-content\/uploads\/2017\/02\/AldeiaClienteConfig2.png 529w, https:\/\/nos.com.br\/site\/wp-content\/uploads\/2017\/02\/AldeiaClienteConfig2-294x300.png 294w, https:\/\/nos.com.br\/site\/wp-content\/uploads\/2017\/02\/AldeiaClienteConfig2-50x50.png 50w\" sizes=\"auto, (max-width: 529px) 100vw, 529px\" \/><p id=\"caption-attachment-599\" class=\"wp-caption-text\">AldeiaNet &#8211; Configura\u00e7\u00e3o de certificado digital<\/p><\/div>\n<p><strong>Arquivos enviados com seguran\u00e7a e rapidez<\/strong>: por meio de\u00a0processo de compacta\u00e7\u00e3o autom\u00e1tica e criptografia forte, os arquivos enviados oferecem absoluta seguran\u00e7a na integridade dos dados. Implementa algor\u00edtimos que utilizam certifica\u00e7\u00e3o para cifra\u00e7\u00e3o e assinatura digital.<\/p>\n<div id=\"attachment_592\" style=\"width: 459px\" class=\"wp-caption aligncenter\"><img loading=\"lazy\" decoding=\"async\" aria-describedby=\"caption-attachment-592\" class=\"wp-image-592 size-full\" src=\"\/site\/wp-content\/uploads\/2017\/02\/AldeiaNetEnviando.png\" width=\"449\" height=\"311\" srcset=\"https:\/\/nos.com.br\/site\/wp-content\/uploads\/2017\/02\/AldeiaNetEnviando.png 449w, https:\/\/nos.com.br\/site\/wp-content\/uploads\/2017\/02\/AldeiaNetEnviando-300x208.png 300w\" sizes=\"auto, (max-width: 449px) 100vw, 449px\" \/><p id=\"caption-attachment-592\" class=\"wp-caption-text\">AldeiaNet &#8211; Enviando arquivos &#8211; Modo interativo<\/p><\/div>\n<p><strong>Comprovantes eletr\u00f4nicos de\u00a0entrega e recebimento<\/strong>: fornecimento de recibo eletr\u00f4nico de envio e recebimento de documentos; preenchimento de formul\u00e1rio eletr\u00f4nico para melhor identifica\u00e7\u00e3o dos documentos; transmiss\u00e3o e recep\u00e7\u00e3o de arquivos de forma ass\u00edncrona, ou seja, sem a necessidade de que emissor e receptor das mensagens estejam conectados ao mesmo tempo; personaliza\u00e7\u00e3o de recibos e formul\u00e1rios de envio de arquivos, a exemplo de protocolos e ordens de servi\u00e7o de impress\u00e3o.<\/p>\n<div id=\"attachment_593\" style=\"width: 1006px\" class=\"wp-caption aligncenter\"><img loading=\"lazy\" decoding=\"async\" aria-describedby=\"caption-attachment-593\" class=\"wp-image-593 size-full\" src=\"\/site\/wp-content\/uploads\/2017\/02\/AldeiaNetRecibos.png\" width=\"996\" height=\"593\" srcset=\"https:\/\/nos.com.br\/site\/wp-content\/uploads\/2017\/02\/AldeiaNetRecibos.png 996w, https:\/\/nos.com.br\/site\/wp-content\/uploads\/2017\/02\/AldeiaNetRecibos-300x179.png 300w, https:\/\/nos.com.br\/site\/wp-content\/uploads\/2017\/02\/AldeiaNetRecibos-768x457.png 768w\" sizes=\"auto, (max-width: 996px) 100vw, 996px\" \/><p id=\"caption-attachment-593\" class=\"wp-caption-text\">AldeiaNet &#8211; Hist\u00f3rico de recibos de entrega recebidos<\/p><\/div>\n<p><strong>Gerenciamento dos processos<\/strong>: gerenciamento de usu\u00e1rios, senhas e permiss\u00f5es. Recep\u00e7\u00e3o autom\u00e1tica e cont\u00ednua de arquivos, al\u00e9m do controle de arquivos enviados e recebidos: valida\u00e7\u00e3o de usu\u00e1rios por interm\u00e9dio de senhas; gerenciamento de usu\u00e1rios individuais, grupos e permiss\u00f5es de envio e recep\u00e7\u00e3o de arquivos; manuten\u00e7\u00e3o de arquivos transmitidos e recebidos, evitando a remessa ou recebimento de arquivos em duplicidade; recep\u00e7\u00e3o autom\u00e1tica e cont\u00ednua de arquivos; escolha de destinat\u00e1rio individual ou grupo de usu\u00e1rios; transmiss\u00e3o apenas dos conte\u00fados alterados dos arquivos, com esse diferencial sendo aplicado para recomposi\u00e7\u00e3o no destinat\u00e1rio final, programa\u00e7\u00e3o de envios por tarefas, integra\u00e7\u00e3o com servidores de ftp para envios de arquivos programados, etc.<\/p>\n<div id=\"attachment_595\" style=\"width: 1014px\" class=\"wp-caption aligncenter\"><img loading=\"lazy\" decoding=\"async\" aria-describedby=\"caption-attachment-595\" class=\"wp-image-595 size-full\" src=\"\/site\/wp-content\/uploads\/2017\/02\/AldeiaNetAdm.png\" width=\"1004\" height=\"610\" srcset=\"https:\/\/nos.com.br\/site\/wp-content\/uploads\/2017\/02\/AldeiaNetAdm.png 1004w, https:\/\/nos.com.br\/site\/wp-content\/uploads\/2017\/02\/AldeiaNetAdm-300x182.png 300w, https:\/\/nos.com.br\/site\/wp-content\/uploads\/2017\/02\/AldeiaNetAdm-768x467.png 768w\" sizes=\"auto, (max-width: 1004px) 100vw, 1004px\" \/><p id=\"caption-attachment-595\" class=\"wp-caption-text\">AldeiaNet &#8211; M\u00f3dulo de administra\u00e7\u00e3o<\/p><\/div>\n<p><strong>Troca de mensagens instant\u00e2neas<\/strong> ou desconectadas entre os usu\u00e1rios do sistema, com possibilidade de recupera\u00e7\u00e3o de informa\u00e7\u00f5es, defini\u00e7\u00e3o de perfis de comunica\u00e7\u00e3o, entre outras funcionalidades.<\/p>\n<div id=\"attachment_594\" style=\"width: 596px\" class=\"wp-caption aligncenter\"><img loading=\"lazy\" decoding=\"async\" aria-describedby=\"caption-attachment-594\" class=\"wp-image-594 size-full\" src=\"\/site\/wp-content\/uploads\/2017\/02\/AldeiaNetConversa.png\" width=\"586\" height=\"473\" srcset=\"https:\/\/nos.com.br\/site\/wp-content\/uploads\/2017\/02\/AldeiaNetConversa.png 586w, https:\/\/nos.com.br\/site\/wp-content\/uploads\/2017\/02\/AldeiaNetConversa-300x242.png 300w\" sizes=\"auto, (max-width: 586px) 100vw, 586px\" \/><p id=\"caption-attachment-594\" class=\"wp-caption-text\">AldeiaNet &#8211; Conversa &#8211; mensagens instant\u00e2neas<\/p><\/div>\n<p><strong>Baixo custo de implanta\u00e7\u00e3o<\/strong>: n\u00e3o necessita de investimento em infraestrutura, pois pode utilizar os servidores do sistema AldeiaNet em nuvem, mas disponibiliza tamb\u00e9m a instala\u00e7\u00e3o do servi\u00e7o centralizado na infraestrutura privativa da empresa cliente. Possui ainda facilidade de integra\u00e7\u00e3o com outras aplica\u00e7\u00f5es do usu\u00e1rio, al\u00e9m de integra\u00e7\u00e3o com aplica\u00e7\u00f5es por meio de componente personalizado, bibliotecas ou por meio de scripts personaliz\u00e1veis. Envio de arquivos pelo emissor para grava\u00e7\u00e3o em caminhos previamente determinadas no ambiente do usu\u00e1rio destinat\u00e1rio.<\/p>\n<div id=\"attachment_598\" style=\"width: 628px\" class=\"wp-caption aligncenter\"><img loading=\"lazy\" decoding=\"async\" aria-describedby=\"caption-attachment-598\" class=\"wp-image-598 size-full\" src=\"\/site\/wp-content\/uploads\/2017\/02\/AldeiaNetTrat1.png\" width=\"618\" height=\"537\" srcset=\"https:\/\/nos.com.br\/site\/wp-content\/uploads\/2017\/02\/AldeiaNetTrat1.png 618w, https:\/\/nos.com.br\/site\/wp-content\/uploads\/2017\/02\/AldeiaNetTrat1-300x261.png 300w\" sizes=\"auto, (max-width: 618px) 100vw, 618px\" \/><p id=\"caption-attachment-598\" class=\"wp-caption-text\">AldeiaNet &#8211; Configura\u00e7\u00e3o de tarefas autom\u00e1ticas &#8211; Agente<\/p><\/div>\n<h5><strong>Diagrama do Funcionamento:<\/strong><\/h5>\n<div id=\"attachment_634\" style=\"width: 462px\" class=\"wp-caption aligncenter\"><img loading=\"lazy\" decoding=\"async\" aria-describedby=\"caption-attachment-634\" class=\"size-full wp-image-634\" src=\"\/site\/wp-content\/uploads\/2017\/02\/EsquemaFuncionamento.png\" alt=\"\" width=\"452\" height=\"294\" srcset=\"https:\/\/nos.com.br\/site\/wp-content\/uploads\/2017\/02\/EsquemaFuncionamento.png 452w, https:\/\/nos.com.br\/site\/wp-content\/uploads\/2017\/02\/EsquemaFuncionamento-300x195.png 300w\" sizes=\"auto, (max-width: 452px) 100vw, 452px\" \/><p id=\"caption-attachment-634\" class=\"wp-caption-text\">AldeiaNet &#8211; Diagrama simplificado conceitual<\/p><\/div>\n<p>Atualmente dispon\u00edvel nativamente para as plataformas <em>Windows<\/em> e <em>Linux<\/em> (Wine). Possui adicionamente m\u00f3dulo cliente na plataforma Web, que funciona tamb\u00e9m em dispositivos m\u00f3veis.<\/p>\n<div id=\"attachment_589\" style=\"width: 411px\" class=\"wp-caption aligncenter\"><img loading=\"lazy\" decoding=\"async\" aria-describedby=\"caption-attachment-589\" class=\"wp-image-589 size-full\" src=\"\/site\/wp-content\/uploads\/2017\/02\/AldeiaNetSelecaoUpload.png\" width=\"401\" height=\"433\" srcset=\"https:\/\/nos.com.br\/site\/wp-content\/uploads\/2017\/02\/AldeiaNetSelecaoUpload.png 401w, https:\/\/nos.com.br\/site\/wp-content\/uploads\/2017\/02\/AldeiaNetSelecaoUpload-278x300.png 278w\" sizes=\"auto, (max-width: 401px) 100vw, 401px\" \/><p id=\"caption-attachment-589\" class=\"wp-caption-text\">AldeiaNet &#8211; Selecionando destinat\u00e1rios de arquivos<\/p><\/div>\n<h5><\/h5>\n<p>Para conhecer todas as funcionalidades e conceitos do AldeiaNet, consulte o manual completo do sistema: <a href=\"\/aldeianet\/ManualAldeiaNet.pdf\">Manual AldeiaNet<\/a>.<\/p>\n<div id=\"attachment_600\" style=\"width: 539px\" class=\"wp-caption aligncenter\"><img loading=\"lazy\" decoding=\"async\" aria-describedby=\"caption-attachment-600\" class=\"wp-image-600 size-full\" src=\"\/site\/wp-content\/uploads\/2017\/02\/AldeiaClienteConfig1.png\" width=\"529\" height=\"540\" srcset=\"https:\/\/nos.com.br\/site\/wp-content\/uploads\/2017\/02\/AldeiaClienteConfig1.png 529w, https:\/\/nos.com.br\/site\/wp-content\/uploads\/2017\/02\/AldeiaClienteConfig1-294x300.png 294w, https:\/\/nos.com.br\/site\/wp-content\/uploads\/2017\/02\/AldeiaClienteConfig1-50x50.png 50w\" sizes=\"auto, (max-width: 529px) 100vw, 529px\" \/><p id=\"caption-attachment-600\" class=\"wp-caption-text\">AldeiaNet &#8211; Configura\u00e7\u00e3o local &#8211; m\u00f3dulo cliente<\/p><\/div>\n<p>Tire mais d\u00favidas lendo as <a href=\"http:\/\/nos.com.br\/site\/duvidas-frequentes-f-a-q\/\">D\u00favidas Frequentes sobre o AldeiaNet.<\/a><\/p>\n<p>Fa\u00e7a o <a href=\"\/site\/downloads\/\"><u>download<\/u><\/a> gratuito da vers\u00e3o de avalia\u00e7\u00e3o para melhor conhecer o AldeiaNet. Disponibilizamos o produto completo, para avalia\u00e7\u00e3o, sem restri\u00e7\u00f5es de funcionalidades. Tamb\u00e9m assessoramos provas de conceitos para casos de clientes, sem nenhum custo.<\/p>\n<p>Experimente tamb\u00e9m o AldeiaNet na vers\u00e3o Web: <a href=\"\/site\/aldeianet-web\/\" target=\"_blank\" rel=\"noopener noreferrer\">AldeiaNet Web<\/a>.<\/p>\n","protected":false},"excerpt":{"rendered":"<p>AldeiaNet \u00e9 um software de transfer\u00eancia de arquivos eletr\u00f4nicos via Internet ou Intranet, com seguran\u00e7a, de forma automatizada e gerenciada. Exemplos de utiliza\u00e7\u00f5es: Envio de dados de faturamento,\u00a0base de dados de cobran\u00e7as recorrentes, movimenta\u00e7\u00e3o financeira de caixas, posi\u00e7\u00f5es de estoque, gr\u00e1ficos, pacotes de atualiza\u00e7\u00e3o de vers\u00e3o de sistemas, arquivos gerais, e tudo mais que queira [&hellip;]<\/p>\n","protected":false},"author":1,"featured_media":0,"parent":0,"menu_order":0,"comment_status":"closed","ping_status":"closed","template":"","meta":{"footnotes":""},"class_list":["post-14","page","type-page","status-publish","hentry"],"jetpack_sharing_enabled":true,"_links":{"self":[{"href":"https:\/\/nos.com.br\/site\/wp-json\/wp\/v2\/pages\/14","targetHints":{"allow":["GET"]}}],"collection":[{"href":"https:\/\/nos.com.br\/site\/wp-json\/wp\/v2\/pages"}],"about":[{"href":"https:\/\/nos.com.br\/site\/wp-json\/wp\/v2\/types\/page"}],"author":[{"embeddable":true,"href":"https:\/\/nos.com.br\/site\/wp-json\/wp\/v2\/users\/1"}],"replies":[{"embeddable":true,"href":"https:\/\/nos.com.br\/site\/wp-json\/wp\/v2\/comments?post=14"}],"version-history":[{"count":37,"href":"https:\/\/nos.com.br\/site\/wp-json\/wp\/v2\/pages\/14\/revisions"}],"predecessor-version":[{"id":1043,"href":"https:\/\/nos.com.br\/site\/wp-json\/wp\/v2\/pages\/14\/revisions\/1043"}],"wp:attachment":[{"href":"https:\/\/nos.com.br\/site\/wp-json\/wp\/v2\/media?parent=14"}],"curies":[{"name":"wp","href":"https:\/\/api.w.org\/{rel}","templated":true}]}}