{"id":16,"date":"2017-02-11T15:51:28","date_gmt":"2017-02-11T18:51:28","guid":{"rendered":"http:\/\/nos.com.br\/site\/?page_id=16"},"modified":"2025-09-09T11:35:56","modified_gmt":"2025-09-09T14:35:56","slug":"downloads-aldeianet","status":"publish","type":"page","link":"https:\/\/nos.com.br\/site\/downloads-aldeianet\/","title":{"rendered":"Downloads AldeiaNet"},"content":{"rendered":"<p>Os instaladores a seguir s\u00e3o compat\u00edveis com o sistema operacional Windows 32 e 64 bits.<\/p>\n<p><strong>M\u00f3dulo CLIENTE &#8211; Vers\u00e3o 12.0.1.281<\/strong><\/p>\n<p>Atualizado em 22\/03\/2025<\/p>\n<p>Download: pacote cliente compactado ZIP. <a href=\"https:\/\/nos.com.br\/aldeianet\/AldNetCl.zip\">CLIQUE AQUI<\/a> para receber.<\/p>\n<p><strong>M\u00f3dulo ADMINISTRADOR &#8211; Vers\u00e3o 12.0.1.125<\/strong><\/p>\n<p>Atualizado em 25\/12\/2024<\/p>\n<p>Download: pacote administrador compactado ZIP. <a href=\"https:\/\/nos.com.br\/aldeianet\/AldNetAd.zip\">CLIQUE AQUI<\/a> para receber.<\/p>\n<p><strong>M\u00f3dulo Agente Tratador de Arquivos &#8211; Vers\u00e3o 12.2.4.292)<\/strong><\/p>\n<p>Atualizado em 05\/08\/2025<\/p>\n<p>Download: pacote agente tratador compactado ZIP. <a href=\"https:\/\/nos.com.br\/aldeianet\/AldNetAg.zip\">CLIQUE AQUI<\/a> para receber.<\/p>\n<p><strong>M\u00f3dulo SERVIDOR &#8211; Vers\u00e3o 12.0.1.345<\/strong><\/p>\n<p>Atualizado em 25\/12\/2024<\/p>\n<p>Download: pacote servidor compactado ZIP. <a href=\"https:\/\/nos.com.br\/aldeianet\/AldNetSr.zip\">CLIQUE AQUI<\/a> para receber.<\/p>\n<p><strong>Somente Biblioteca API ActiveX &#8211; Vers\u00e3o 11.8.3.151<\/strong><\/p>\n<p>Atualizado em 25\/03\/2025<\/p>\n<p>Download: instalador\u00a0AldeiaNetApiXControl.ocx\u00a0ZIP. <a href=\"https:\/\/nos.com.br\/aldeianet\/AldNetAp.zip\">CLIQUE AQUI<\/a> para receber.<\/p>\n<p><strong>AldeiaNet &#8211; Manual Completo<\/strong><\/p>\n<p>Atualizado em 12\/07\/2018<\/p>\n<p>Download: documento PDF. <a href=\"https:\/\/nos.com.br\/aldeianet\/ManualAldeiaNet.pdf\">CLIQUE AQUI<\/a> para receber.<\/p>\n<p><strong>CD DE INSTALA\u00c7\u00c3O ALDEIANET &#8211; COMPLETO &#8211; Todos os m\u00f3dulos e ferramentas extras.<\/strong><\/p>\n<p>Atualizado em 15\/08\/2025<\/p>\n<p>Download: espelho das pastas do CD de instala\u00e7\u00e3o completo. <a href=\"https:\/\/nos.com.br\/aldeianet\/CD_AldeiaNet_completo.zip\">CLIQUE AQUI<\/a> para receber.<\/p>\n<h4><strong>Resumo hist\u00f3rico das vers\u00f5es do AldeiaNet:<\/strong><\/h4>\n<p>&#8211; Vers\u00e3o 1.0 &#8211; 01\/12\/1997 &#8211; Lan\u00e7amento do AldeiaNet<\/p>\n<p>&#8211; Vers\u00e3o 1.1 &#8211; 01\/06\/1998 &#8211; Melhoramentos na interface<\/p>\n<p>&#8211; Vers\u00e3o 1.2 &#8211; 14\/01\/1999 &#8211; Otimiza\u00e7\u00f5es no protocolo de comunica\u00e7\u00e3o<\/p>\n<p>&#8211; Vers\u00e3o 2.0 &#8211; 01\/01\/2000 &#8211; Melhoramentos da interface e novas fun\u00e7\u00f5es<\/p>\n<p>&#8211; Vers\u00e3o 3.0 &#8211; 01\/01\/2001 &#8211; Moderniza\u00e7\u00e3o da interface e novas fun\u00e7\u00f5es<\/p>\n<p>&#8211; Vers\u00e3o 4.0 &#8211; 01\/06\/2002 &#8211; Moderniza\u00e7\u00e3o da interface e novas fun\u00e7\u00f5es, melhoramentos nos scripts<br \/>&#8211; Vers\u00e3o 4.1 &#8211; 04\/04\/2003: Novas funcionalidades<\/p>\n<p>&#8211; Vers\u00e3o 5.0 &#8211; 01\/07\/2003 &#8211; Moderniza\u00e7\u00e3o da interface e novas fun\u00e7\u00f5es<br \/>&#8211; Versao 5.0.3 &#8211; 24\/07\/2003 &#8211; Corre\u00e7\u00f5es tratamento macros diret\u00f3rios<br \/>&#8211; Vers\u00e3o 5.6 &#8211; 01\/02\/2004 &#8211; Consolida\u00e7\u00e3o melhorias e novas funcionalidades<br \/>&#8211; Vers\u00e3o 5.6.2 &#8211; 20\/02\/2004 &#8211; Corre\u00e7\u00f5es<br \/>&#8211; Vers\u00e3o 5.6.8 &#8211; 01\/06\/2004 &#8211; Corre\u00e7\u00f5es<\/p>\n<p>&#8211; Vers\u00e3o 6.0 &#8211; 01\/08\/2004 &#8211; Moderniza\u00e7\u00e3o da interface e novas fun\u00e7\u00f5es de acesso dados<\/p>\n<p>&#8211; Vers\u00e3o 7.0 &#8211; 12\/12\/2006 &#8211; Certifica\u00e7\u00e3o digital com assinaturas de arquivos baseadas em X.509\/PKC#7 &#8211;<br \/>&#8211; Vers\u00e3o 7.1 &#8211; 25\/10\/2008 &#8211; Permitir arquivos &gt; 4 GB, e outras melhorias<br \/>&#8211; Vers\u00e3o 7.4 &#8211; 01\/08\/2011 &#8211; Melhorias interface<br \/>&#8211; Vers\u00e3o 7.4.1 &#8211; 19\/09\/2011 &#8211; Ajustes e melhorias<br \/>&#8211; Vers\u00e3o 7.4.3 &#8211; 04\/05\/2012 &#8211; Ajustes sobre integridade de arquivos<br \/>&#8211; Vers\u00e3o 7.5 &#8211; 20\/07\/2012 &#8211; Implementadas trilhas de auditoria<\/p>\n<p>&#8211; Vers\u00e3o 8.0 &#8211; 01\/09\/2013 &#8211; Moderniza\u00e7\u00e3o da interface e novas fun\u00e7\u00f5es<br \/>&#8211; Vers\u00e3o 8.5 &#8211; 20.11.2013 &#8211; Implementado textos Unicode, compatibilizando novo compilador<br \/>&#8211; Vers\u00e3o 8.5.1 &#8211; 01.12.2013 &#8211; Ajustes em pesquisas de arquivos: filtros com curingas *, ?, _ e %<\/p>\n<p>&#8211; Vers\u00e3o 9.0 &#8211; 01\/12\/2014 &#8211; Implementa\u00e7\u00e3o nova funcionalidade: Conversas, mensagens instant\u00e2neas<\/p>\n<p>&#8211; Vers\u00e3o 10.0 &#8211; 01\/07\/2015 &#8211; Novas funcionalidades: Grupos de Produtos<br \/>&#8211; Vers\u00e3o 10.1 &#8211; 10.01.2016 &#8211; Ajustes: tamanho descri\u00e7\u00e3o do produto, novas transa\u00e7\u00f5es de produtos<br \/>&#8211; Vers\u00e3o 10.1.2 &#8211; 21.01.2016 &#8211; Ajustes: melhoria de performance consultas com permiss\u00e3o de transmitir<br \/>&#8211; Vers\u00e3o 10.1.3 &#8211; 25.01.2016 &#8211; Ajustes: melhoria de performance consultas para receber<br \/>&#8211; Vers\u00e3o 10.1.4 &#8211; 06.02.2016 &#8211; Ajustes: listar produtos do grupo do usuario<br \/>&#8211; Vers\u00e3o 10.2 &#8211; 20\/03\/2016 &#8211; Novo componente de protocolo: Grupos de Produtos, e permiss\u00e3o para listar objetos relacionados<\/p>\n<p>&#8211; Vers\u00e3o 11.0 &#8211; Nova logomarca AldeiaNet.<\/p>\n<p>&#8211; Vers\u00e3o 11.0 &#8211; 08\/08\/2016 &#8211; Agente Tratador de Arquivos &#8211; Op\u00e7\u00e3o de transfer\u00eancia com servidor\u00a0FTP com SSL ou SSH (FTPS e SFTP).<\/p>\n<p>&#8211; Vers\u00e3o 11.1.1\u00a0&#8211;\u00a025\/04\/2017 &#8211; Agente Tratador de Arquivos- Somente adiciona arquivo se n\u00e3o der erro na gera\u00e7\u00e3o de protocolo<\/p>\n<p>&#8211; Vers\u00e3o 11.0.1 &#8211; M\u00f3dulo cliente &#8211; Melhorado fluxo navega\u00e7\u00e3o mensagens offline e mensagens instant\u00e2neas &#8211; 02\/09\/2017<br \/>&#8211; Vers\u00e3o 11.0.2 &#8211;\u00a0M\u00f3dulo cliente &#8211;\u00a0 relocalizada rotina de altera\u00e7\u00e3o de data arquivo recebido &#8211; 02\/10\/2017<br \/>&#8211; Vers\u00e3o 11.0.3 &#8211; M\u00f3dulo cliente &#8211;\u00a0alterada ordem da recep\u00e7\u00e3o.$$$\/disponibiliza\u00e7\u00e3o.ptd dos dados do protocolo para depois do arquivo de dados &#8211; 09\/10\/2017<\/p>\n<p>&#8211; Vers\u00e3o 11.2.1\u00a0&#8211; 12\/10\/2017 &#8211; Agente Tratador de Arquivos &#8211; Ajustes na vers\u00e3o<\/p>\n<p>&#8211; Vers\u00e3o 11.1.1 &#8211; M\u00f3dulo cliente &#8211; Controle de permiss\u00f5es para visualizar\/habilitar a Central de Mensagens &#8211; 20\/01\/2018<\/p>\n<p>&#8211; Vers\u00e3o 11.1.2 &#8211; M\u00f3dulo administrador &#8211; Controle de permiss\u00f5es para visualizar\/habilitar a Central de Mensagens &#8211; 20\/01\/2018<\/p>\n<p>&#8211; Vers\u00e3o 11.1.1 &#8211; M\u00f3dulo servidor &#8211; Controle de permiss\u00f5es para visualizar\/habilitar a Central de Mensagens &#8211; 20\/01\/2018<\/p>\n<p>&#8211; Vers\u00e3o 11.3.1 &#8211; M\u00f3dulo servidor &#8211; Ajustes controles protocolos e Recibos &#8211; 09\/07\/2018<\/p>\n<p>&#8211; Vers\u00e3o 11.3.2 &#8211; M\u00f3dulo administrador &#8211; Ajustes controles protocolos e Recibos &#8211; 14\/07\/2018<\/p>\n<p>&#8211; Vers\u00e3o 11.3.2 &#8211; M\u00f3dulo cliente &#8211; Ajustes controles protocolos e Recibos &#8211; salvar protocolos em PDF e XML &#8211; 14\/07\/2018<\/p>\n<p>&#8211; Vers\u00e3o 11.5 &#8211; M\u00f3dulos cliente, administrador e servidor: personaliza\u00e7\u00f5es de recibos por perfis de usu\u00e1rios e grupos; novo editor gr\u00e1fico de modelos de recibos; novos tipos de arquivos de modelos de recibos &#8211; 01\/12\/2019.<\/p>\n\n\n<p>&#8211; Vers\u00e3o 11.6 &#8211; Ajustes e melhoramentos &#8211; 01\/11\/2021.<\/p>\n\n\n\n<p>&#8211; Vers\u00e3o 11.7 &#8211; Ajustes e melhoramentos &#8211; 01\/06\/2023.<\/p>\n\n\n\n<p>&#8211; Vers\u00e3o 11.8 &#8211; Ajustes e melhoramentos &#8211; 01\/12\/2024.<\/p>\n\n\n\n<p>&#8211; Vers\u00e3o 12.0 &#8211; Melhoria da interface cliente, Ajustes e melhoramentos. Corre\u00e7\u00f5es protocolos e refatora\u00e7\u00f5es das funcionalidades do Agente tratador &#8211; 01\/08\/2025.<\/p>\n","protected":false},"excerpt":{"rendered":"<p>Os instaladores a seguir s\u00e3o compat\u00edveis com o sistema operacional Windows 32 e 64 bits. M\u00f3dulo CLIENTE &#8211; Vers\u00e3o 12.0.1.281 Atualizado em 22\/03\/2025 Download: pacote cliente compactado ZIP. CLIQUE AQUI para receber. M\u00f3dulo ADMINISTRADOR &#8211; Vers\u00e3o 12.0.1.125 Atualizado em 25\/12\/2024 Download: pacote administrador compactado ZIP. CLIQUE AQUI para receber. M\u00f3dulo Agente Tratador de Arquivos &#8211; [&hellip;]<\/p>\n","protected":false},"author":1,"featured_media":603,"parent":0,"menu_order":0,"comment_status":"closed","ping_status":"closed","template":"","meta":{"footnotes":""},"class_list":["post-16","page","type-page","status-publish","has-post-thumbnail","hentry"],"jetpack_sharing_enabled":true,"_links":{"self":[{"href":"https:\/\/nos.com.br\/site\/wp-json\/wp\/v2\/pages\/16","targetHints":{"allow":["GET"]}}],"collection":[{"href":"https:\/\/nos.com.br\/site\/wp-json\/wp\/v2\/pages"}],"about":[{"href":"https:\/\/nos.com.br\/site\/wp-json\/wp\/v2\/types\/page"}],"author":[{"embeddable":true,"href":"https:\/\/nos.com.br\/site\/wp-json\/wp\/v2\/users\/1"}],"replies":[{"embeddable":true,"href":"https:\/\/nos.com.br\/site\/wp-json\/wp\/v2\/comments?post=16"}],"version-history":[{"count":33,"href":"https:\/\/nos.com.br\/site\/wp-json\/wp\/v2\/pages\/16\/revisions"}],"predecessor-version":[{"id":1037,"href":"https:\/\/nos.com.br\/site\/wp-json\/wp\/v2\/pages\/16\/revisions\/1037"}],"wp:featuredmedia":[{"embeddable":true,"href":"https:\/\/nos.com.br\/site\/wp-json\/wp\/v2\/media\/603"}],"wp:attachment":[{"href":"https:\/\/nos.com.br\/site\/wp-json\/wp\/v2\/media?parent=16"}],"curies":[{"name":"wp","href":"https:\/\/api.w.org\/{rel}","templated":true}]}}