{"id":740,"date":"2018-05-07T12:02:08","date_gmt":"2018-05-07T15:02:08","guid":{"rendered":"https:\/\/nos.com.br\/site\/?page_id=740"},"modified":"2018-05-07T22:48:10","modified_gmt":"2018-05-08T01:48:10","slug":"edicao-perfil","status":"publish","type":"page","link":"https:\/\/nos.com.br\/site\/edicao-perfil\/","title":{"rendered":"Atualizar perfil do usu\u00e1rio"},"content":{"rendered":"<p><span class=\"wppb-frontend-restriction-message wppb-content-restriction-message\"><strong>Somente usu\u00e1rios logados podem ver esta p\u00e1gina. Fa\u00e7a login se quiser alterar seu perfil.<\/strong><\/span><\/p>\n","protected":false},"excerpt":{"rendered":"<p>Somente usu\u00e1rios logados podem ver esta p\u00e1gina. Fa\u00e7a login se quiser alterar seu perfil.<\/p>\n","protected":false},"author":1,"featured_media":0,"parent":0,"menu_order":0,"comment_status":"closed","ping_status":"closed","template":"","meta":{"footnotes":""},"class_list":["post-740","page","type-page","status-publish","hentry"],"jetpack_sharing_enabled":true,"_links":{"self":[{"href":"https:\/\/nos.com.br\/site\/wp-json\/wp\/v2\/pages\/740","targetHints":{"allow":["GET"]}}],"collection":[{"href":"https:\/\/nos.com.br\/site\/wp-json\/wp\/v2\/pages"}],"about":[{"href":"https:\/\/nos.com.br\/site\/wp-json\/wp\/v2\/types\/page"}],"author":[{"embeddable":true,"href":"https:\/\/nos.com.br\/site\/wp-json\/wp\/v2\/users\/1"}],"replies":[{"embeddable":true,"href":"https:\/\/nos.com.br\/site\/wp-json\/wp\/v2\/comments?post=740"}],"version-history":[{"count":10,"href":"https:\/\/nos.com.br\/site\/wp-json\/wp\/v2\/pages\/740\/revisions"}],"predecessor-version":[{"id":759,"href":"https:\/\/nos.com.br\/site\/wp-json\/wp\/v2\/pages\/740\/revisions\/759"}],"wp:attachment":[{"href":"https:\/\/nos.com.br\/site\/wp-json\/wp\/v2\/media?parent=740"}],"curies":[{"name":"wp","href":"https:\/\/api.w.org\/{rel}","templated":true}]}}