{"id":961,"date":"2022-04-30T22:33:29","date_gmt":"2022-05-01T01:33:29","guid":{"rendered":"https:\/\/nos.com.br\/site\/?page_id=961"},"modified":"2025-08-15T21:29:03","modified_gmt":"2025-08-16T00:29:03","slug":"downloads","status":"publish","type":"page","link":"https:\/\/nos.com.br\/site\/downloads\/","title":{"rendered":"Downloads"},"content":{"rendered":"\n<p><a href=\"https:\/\/nos.com.br\/site\/downloads-aldeianet\/\">Aldei<\/a><a href=\"https:\/\/nos.com.br\/site\/downloads-aldeianet\">aNet <\/a>vers\u00e3o 12.0 &#8211; Baixe a \u00faltima vers\u00e3o da solu\u00e7\u00e3o de transfer\u00eancia de arquivos eletr\u00f4nicos via Internet ou Intranet, com seguran\u00e7a, de forma automatizada e gerenciada.<\/p>\n\n\n\n<p><a href=\"https:\/\/nos.com.br\/downloads\/NosTranslator\/NosTranslator.0.9b.zip\">Nos <\/a><a href=\"https:\/\/nos.com.br\/downloads\/NosTranslator\/NosTranslator.0.99.zip\">Translator<\/a> vers\u00e3o 0.99 &#8211; Nos Translator \u00e9 um conjunto de componentes de f\u00e1cil utiliza\u00e7\u00e3o para Delphi e C++ Builder, para adicionar suporte multil\u00edngue aos seus aplicativos Delphi VCL, FMX e IntraWeb. <\/p>\n\n\n\n<p>Usando editor de componentes interativo deste conjunto, \u00e9 poss\u00edvel internacionalizar com facilidade e rapidez cada componente de formul\u00e1rios que cont\u00e9m strings pertencentes ao seu aplicativo, gerar arquivo de idioma base contendo as strings atuais de propriedades de componentes espec\u00edficos do idioma, gerenciar v\u00e1rios arquivos de idiomas, e especificar componentes e propriedades que devem ser traduzidos. <\/p>\n\n\n\n<p>Os aplicativos que usam o Nos Translator podem alternar entre os idiomas em tempo de execu\u00e7\u00e3o, sem recarregar a aplica\u00e7\u00e3o.<\/p>\n","protected":false},"excerpt":{"rendered":"<p>AldeiaNet vers\u00e3o 12.0 &#8211; Baixe a \u00faltima vers\u00e3o da solu\u00e7\u00e3o de transfer\u00eancia de arquivos eletr\u00f4nicos via Internet ou Intranet, com seguran\u00e7a, de forma automatizada e gerenciada. Nos Translator vers\u00e3o 0.99 &#8211; Nos Translator \u00e9 um conjunto de componentes de f\u00e1cil utiliza\u00e7\u00e3o para Delphi e C++ Builder, para adicionar suporte multil\u00edngue aos seus aplicativos Delphi VCL, [&hellip;]<\/p>\n","protected":false},"author":1,"featured_media":0,"parent":0,"menu_order":0,"comment_status":"closed","ping_status":"closed","template":"","meta":{"footnotes":""},"class_list":["post-961","page","type-page","status-publish","hentry"],"jetpack_sharing_enabled":true,"_links":{"self":[{"href":"https:\/\/nos.com.br\/site\/wp-json\/wp\/v2\/pages\/961","targetHints":{"allow":["GET"]}}],"collection":[{"href":"https:\/\/nos.com.br\/site\/wp-json\/wp\/v2\/pages"}],"about":[{"href":"https:\/\/nos.com.br\/site\/wp-json\/wp\/v2\/types\/page"}],"author":[{"embeddable":true,"href":"https:\/\/nos.com.br\/site\/wp-json\/wp\/v2\/users\/1"}],"replies":[{"embeddable":true,"href":"https:\/\/nos.com.br\/site\/wp-json\/wp\/v2\/comments?post=961"}],"version-history":[{"count":10,"href":"https:\/\/nos.com.br\/site\/wp-json\/wp\/v2\/pages\/961\/revisions"}],"predecessor-version":[{"id":1011,"href":"https:\/\/nos.com.br\/site\/wp-json\/wp\/v2\/pages\/961\/revisions\/1011"}],"wp:attachment":[{"href":"https:\/\/nos.com.br\/site\/wp-json\/wp\/v2\/media?parent=961"}],"curies":[{"name":"wp","href":"https:\/\/api.w.org\/{rel}","templated":true}]}}